{"id":56,"date":"2017-12-12T10:55:12","date_gmt":"2017-12-12T14:55:12","guid":{"rendered":"http:\/\/ayuntamiento.guineo\/transparencia\/?page_id=56"},"modified":"2025-01-21T12:28:57","modified_gmt":"2025-01-21T16:28:57","slug":"derechos-de-los-ciudadanos","status":"publish","type":"page","link":"https:\/\/ayuntamientomatanzas.gob.do\/transparencia\/derechos-de-los-ciudadanos\/","title":{"rendered":"Derechos de los Ciudadanos"},"content":{"rendered":"<div class=\"text cf design-01\">\n<div class=\"text-content\">\n<ul>\n<li><strong>SOLICITAR<\/strong>\u00a0informaci\u00f3n de cualquier \u00f3rgano del Estado Dominicano y de todas las sociedades an\u00f3nimas, compa\u00f1\u00edas an\u00f3nimas o compa\u00f1\u00edas por acciones con participaci\u00f3n estatal.<\/li>\n<li><strong>RECIBIR<\/strong>\u00a0informaci\u00f3n completa, veraz, adecuada y oportuna de cualquier \u00f3rgano del Estado Dominicano y de todas las sociedades an\u00f3nimas, compa\u00f1\u00edas an\u00f3nimas o compa\u00f1\u00edas por acciones con participaci\u00f3n estatal.<\/li>\n<li><strong>ACCESO<\/strong>\u00a0gratuito a la informaci\u00f3n en tanto que no requiera reproducci\u00f3n de la misma.<\/li>\n<li><strong>SOLICITAR, RECIBIR y DIFUNDIR<\/strong>\u00a0informaciones pertenecientes a la administraci\u00f3n del Estado.<\/li>\n<li><strong>CONOCER<\/strong>\u00a0los proyectos de reglamentos y otras disposiciones de car\u00e1cter general que rigen las relaciones entre los particulares y la administraci\u00f3n.<\/li>\n<li><strong>OPINAR<\/strong>\u00a0sobre los proyectos de reglamentos y otras disposiciones de car\u00e1cter general que rigen las relaciones entre los particulares y la administraci\u00f3n.<\/li>\n<li><strong>OBTENER<\/strong>\u00a0informaci\u00f3n sobre los servicios que ofrece el Estado y sus tarifas.<\/li>\n<li><strong>SABER<\/strong>\u00a0la estructura, integrantes, normativas de funcionamiento, proyectos, informes de gesti\u00f3n, y bases de datos de la administraci\u00f3n p\u00fablica.<\/li>\n<li><strong>CONOCER<\/strong>\u00a0sobre los presupuestos y c\u00e1lculos de recursos y gastos aprobados, su evoluci\u00f3n y estado de ejecuci\u00f3n.<\/li>\n<li><strong>TENER<\/strong>\u00a0informaci\u00f3n sobre los programas y proyectos, sus presupuestos, plazos, ejecuci\u00f3n y supervisi\u00f3n.<\/li>\n<li><strong>ESTAR AL TANTO<\/strong>\u00a0sobre las licitaciones, concursos, compras, gastos y resultados.<\/li>\n<li><strong>ACCEDER<\/strong>\u00a0a la n\u00f3mina del Estado y sus remuneraciones.<\/li>\n<li><strong>CONOCER<\/strong>\u00a0la declaraci\u00f3n jurada patrimonial de los funcionarios del Estado cuando su presentaci\u00f3n corresponda por ley.<\/li>\n<li><strong>RECIBIR<\/strong>\u00a0informaci\u00f3n sobre el listado de beneficiarios de programas asistenciales, subsidios, becas, jubilaciones, pensiones y retiros.<\/li>\n<li><strong>SABER<\/strong>\u00a0sobre el estado de cuentas de la deuda p\u00fablica, sus vencimientos y pagos.<\/li>\n<li><strong>BUSCAR<\/strong>\u00a0las leyes, decretos, resoluciones, disposiciones, marcos regulatorios y cualquier tipo de normativa.<\/li>\n<li><strong>SOLICITAR Y RECIBIR<\/strong>\u00a0oportunamente cualquier tipo de documentaci\u00f3n financiera relativa al presupuesto p\u00fablico<\/li>\n<\/ul>\n<\/div>\n<\/div>\n<div class=\"text cf design-01\">\n<div class=\"text-content\">\n<blockquote>\n<p><strong>Contacto<\/strong><\/p><\/blockquote>\n<p><strong>Jennifer Diaz Tejeda<br \/>\n<\/strong>Representante Libre Acceso a la Informaci\u00f3n<br \/>\nAyuntamiento Municipal de Matanzas<br \/>\n<strong>Correo:\u00a0<\/strong>libreaccesoinf.matanzas2024@gmail.com<strong><br \/>\n<\/strong><strong>Tel.:<\/strong>\u00a0809-522-0869 \/ 809-522-0838<\/p>\n<\/div>\n<\/div>\n","protected":false},"excerpt":{"rendered":"SOLICITAR\u00a0informaci\u00f3n de cualquier \u00f3rgano del Estado Dominicano y de todas las sociedades an\u00f3nimas, compa\u00f1\u00edas an\u00f3nimas o compa\u00f1\u00edas por acciones con participaci\u00f3n estatal. RECIBIR\u00a0informaci\u00f3n completa, veraz, adecuada y oportuna de cualquier \u00f3rgano del Estado Dominicano y de todas las sociedades an\u00f3nimas, compa\u00f1\u00edas an\u00f3nimas o compa\u00f1\u00edas por acciones con participaci\u00f3n estatal. ACCESO\u00a0gratuito a la informaci\u00f3n en tanto&#8230;","protected":false},"author":3,"featured_media":0,"parent":0,"menu_order":0,"comment_status":"closed","ping_status":"closed","template":"","meta":[],"_links":{"self":[{"href":"https:\/\/ayuntamientomatanzas.gob.do\/transparencia\/wp-json\/wp\/v2\/pages\/56"}],"collection":[{"href":"https:\/\/ayuntamientomatanzas.gob.do\/transparencia\/wp-json\/wp\/v2\/pages"}],"about":[{"href":"https:\/\/ayuntamientomatanzas.gob.do\/transparencia\/wp-json\/wp\/v2\/types\/page"}],"author":[{"embeddable":true,"href":"https:\/\/ayuntamientomatanzas.gob.do\/transparencia\/wp-json\/wp\/v2\/users\/3"}],"replies":[{"embeddable":true,"href":"https:\/\/ayuntamientomatanzas.gob.do\/transparencia\/wp-json\/wp\/v2\/comments?post=56"}],"version-history":[{"count":4,"href":"https:\/\/ayuntamientomatanzas.gob.do\/transparencia\/wp-json\/wp\/v2\/pages\/56\/revisions"}],"predecessor-version":[{"id":2739,"href":"https:\/\/ayuntamientomatanzas.gob.do\/transparencia\/wp-json\/wp\/v2\/pages\/56\/revisions\/2739"}],"wp:attachment":[{"href":"https:\/\/ayuntamientomatanzas.gob.do\/transparencia\/wp-json\/wp\/v2\/media?parent=56"}],"curies":[{"name":"wp","href":"https:\/\/api.w.org\/{rel}","templated":true}]}}